{"id":7065,"date":"2022-12-20T03:16:03","date_gmt":"2022-12-20T03:16:03","guid":{"rendered":"https:\/\/tradea.com.tr\/?post_type=product&#038;p=7065"},"modified":"2023-01-03T03:53:36","modified_gmt":"2023-01-03T03:53:36","slug":"kf-serisi-buatlar","status":"publish","type":"product","link":"https:\/\/tradea.com.tr\/index.php\/product\/kf-serisi-buatlar\/","title":{"rendered":"KF Serisi Buatlar"},"content":{"rendered":"<ul>\n<li>Aksesuar olarak kablo rakorlar\u0131yla IP 66 \/ IP 67 \/ IP 69 koruma s\u0131n\u0131flar\u0131 sa\u011flanabilir. Ge\u00e7ici olarak 1 metreye kadar suya dald\u0131rma (azami 15 dakika)<\/li>\n<li>Halojensiz: d\u00fc\u015f\u00fck toksisite, d\u00fc\u015f\u00fck duman olu\u015fumu<\/li>\n<li>Su ge\u00e7irmez: UV diren\u00e7li, ya\u011fmur suyu ge\u00e7irmez, \u0131s\u0131ya diren\u00e7li, tuzlu suya kar\u015f\u0131 diren\u00e7li<\/li>\n<li>Malzeme: PC-GFS polikarbonat<\/li>\n<li>DIN VDE 0100 Bina Elektrik Sistemleri B\u00f6l\u00fcm 482 \u00d6zel Durum ve Risklerde Yang\u0131ndan Korunma standard\u0131na uygundur.<\/li>\n<li>IEC 60695-2-11 standartlar\u0131na uygun olarak; k\u0131zg\u0131n tel deneyinde yanma davran\u0131\u015f\u0131 960 \u00b0C, alev geciktirici ve kendili\u011finden s\u00f6nme\/s\u00f6n\u00fcmleme \u00f6zelli\u011fi<\/li>\n<li>Renk kodu: Gri &#8211; RAL 7035 veya Siyah &#8211; RAL 9011<\/li>\n<li>Darbe direnci: IK 09 (10 joule)<\/li>\n<\/ul>\n<p><strong>Kullan\u0131m Alanlar\u0131:<\/strong><\/p>\n<ul>\n<li>T\u00fcneller<\/li>\n<li>\u00d6zel Makine \u00dcreticileri<\/li>\n<li>Limanlar<\/li>\n<li>Kompleks yap\u0131lar<\/li>\n<li>Solar Sistemler<\/li>\n<li>Konteyn\u0131r Uygulamalar\u0131<\/li>\n<li>Maden Tesisleri<\/li>\n<li>Demir \u00c7elik Tesisleri<\/li>\n<li>\u00c7imento Fabrikalar\u0131<\/li>\n<\/ul>\n","protected":false},"excerpt":{"rendered":"<p>D\u0131\u015f ortamda ve korunmas\u0131z kurulumlarda, \u201czorlu hava \u015fartlar\u0131na\u201d uygun Hensel buatlar<\/p>\n","protected":false},"featured_media":7051,"comment_status":"open","ping_status":"closed","template":"","meta":[],"product_cat":[90],"product_tag":[],"class_list":["post-7065","product","type-product","status-publish","has-post-thumbnail","hentry","product_cat-dis-ortam-buatlari"],"_links":{"self":[{"href":"https:\/\/tradea.com.tr\/index.php\/wp-json\/wp\/v2\/product\/7065","targetHints":{"allow":["GET"]}}],"collection":[{"href":"https:\/\/tradea.com.tr\/index.php\/wp-json\/wp\/v2\/product"}],"about":[{"href":"https:\/\/tradea.com.tr\/index.php\/wp-json\/wp\/v2\/types\/product"}],"replies":[{"embeddable":true,"href":"https:\/\/tradea.com.tr\/index.php\/wp-json\/wp\/v2\/comments?post=7065"}],"version-history":[{"count":2,"href":"https:\/\/tradea.com.tr\/index.php\/wp-json\/wp\/v2\/product\/7065\/revisions"}],"predecessor-version":[{"id":8093,"href":"https:\/\/tradea.com.tr\/index.php\/wp-json\/wp\/v2\/product\/7065\/revisions\/8093"}],"wp:featuredmedia":[{"embeddable":true,"href":"https:\/\/tradea.com.tr\/index.php\/wp-json\/wp\/v2\/media\/7051"}],"wp:attachment":[{"href":"https:\/\/tradea.com.tr\/index.php\/wp-json\/wp\/v2\/media?parent=7065"}],"wp:term":[{"taxonomy":"product_cat","embeddable":true,"href":"https:\/\/tradea.com.tr\/index.php\/wp-json\/wp\/v2\/product_cat?post=7065"},{"taxonomy":"product_tag","embeddable":true,"href":"https:\/\/tradea.com.tr\/index.php\/wp-json\/wp\/v2\/product_tag?post=7065"}],"curies":[{"name":"wp","href":"https:\/\/api.w.org\/{rel}","templated":true}]}}