{"id":7069,"date":"2022-12-20T04:01:05","date_gmt":"2022-12-20T04:01:05","guid":{"rendered":"https:\/\/tradea.com.tr\/?post_type=product&#038;p=7069"},"modified":"2023-01-03T03:46:35","modified_gmt":"2023-01-03T03:46:35","slug":"fk-serisi-buatlar","status":"publish","type":"product","link":"https:\/\/tradea.com.tr\/index.php\/product\/fk-serisi-buatlar\/","title":{"rendered":"FK Serisi Buatlar"},"content":{"rendered":"<ul>\n<li>Yang\u0131n buatlar\u0131 kablolarla birlikte DIN 4102-12\u2019ye g\u00f6re devre b\u00fct\u00fcnl\u00fc\u011f\u00fcn\u00fc sa\u011flamaktad\u0131r.<\/li>\n<li>BS EN 50200\u2019e uygun izolasyonlu kablolarla birlikte, PH120 izolasyon \u00f6zelli\u011fini sa\u011flamaktad\u0131r.<\/li>\n<li>Vida ankraj\u0131, E30 ile E90 aras\u0131 y\u00fcksek s\u0131cakl\u0131\u011fa dayan\u0131kl\u0131 seramik terminal ve kablo giri\u015fleri standart olarak, birlikte g\u00f6nderilir<\/li>\n<li>\u00c7e\u015fitli boyutlardaki kablolar i\u00e7in metrik k\u0131rma yuvalar\u0131<\/li>\n<li>Malzeme: PC-GFS polikarbonat<\/li>\n<li>IEC 60695-2-11 standartlar\u0131na uygun olarak; k\u0131zg\u0131n tel deneyinde yanma davran\u0131\u015f\u0131 960 \u00b0C, alev geciktirici ve kendili\u011finden s\u00f6nme\/s\u00f6n\u00fcmleme \u00f6zelli\u011fin<\/li>\n<li>Renk kodu: Turuncu &#8211; RAL 2003<\/li>\n<li>50 mm\u00b2\u2019ye kadar b\u00fcy\u00fck kablo kesitleri i\u00e7in yang\u0131n buatlar\u0131<\/li>\n<li>Elektrik \u00e7arpmas\u0131na kar\u015f\u0131 koruma: toprak korumas\u0131<\/li>\n<li>Koruma s\u0131n\u0131f\u0131: IP 66<\/li>\n<li>Darbe direnci: IK 10 (20 joule)<\/li>\n<\/ul>\n<p>Kullan\u0131m Alanlar\u0131:<\/p>\n<ul>\n<li>T\u00fcneller<\/li>\n<li>Kompleks Yap\u0131lar<\/li>\n<li>Veri Merkezleri<\/li>\n<li>Savunma Sanayi Tesisleri<\/li>\n<\/ul>\n","protected":false},"excerpt":{"rendered":"<p>Yang\u0131n alarm sistemlerine uygun Hensel buatlar<\/p>\n","protected":false},"featured_media":7050,"comment_status":"open","ping_status":"closed","template":"","meta":[],"product_cat":[93],"product_tag":[],"class_list":["post-7069","product","type-product","status-publish","has-post-thumbnail","hentry","product_cat-yangin-buatlari"],"_links":{"self":[{"href":"https:\/\/tradea.com.tr\/index.php\/wp-json\/wp\/v2\/product\/7069","targetHints":{"allow":["GET"]}}],"collection":[{"href":"https:\/\/tradea.com.tr\/index.php\/wp-json\/wp\/v2\/product"}],"about":[{"href":"https:\/\/tradea.com.tr\/index.php\/wp-json\/wp\/v2\/types\/product"}],"replies":[{"embeddable":true,"href":"https:\/\/tradea.com.tr\/index.php\/wp-json\/wp\/v2\/comments?post=7069"}],"version-history":[{"count":3,"href":"https:\/\/tradea.com.tr\/index.php\/wp-json\/wp\/v2\/product\/7069\/revisions"}],"predecessor-version":[{"id":8090,"href":"https:\/\/tradea.com.tr\/index.php\/wp-json\/wp\/v2\/product\/7069\/revisions\/8090"}],"wp:featuredmedia":[{"embeddable":true,"href":"https:\/\/tradea.com.tr\/index.php\/wp-json\/wp\/v2\/media\/7050"}],"wp:attachment":[{"href":"https:\/\/tradea.com.tr\/index.php\/wp-json\/wp\/v2\/media?parent=7069"}],"wp:term":[{"taxonomy":"product_cat","embeddable":true,"href":"https:\/\/tradea.com.tr\/index.php\/wp-json\/wp\/v2\/product_cat?post=7069"},{"taxonomy":"product_tag","embeddable":true,"href":"https:\/\/tradea.com.tr\/index.php\/wp-json\/wp\/v2\/product_tag?post=7069"}],"curies":[{"name":"wp","href":"https:\/\/api.w.org\/{rel}","templated":true}]}}