{"id":7081,"date":"2022-12-20T06:20:40","date_gmt":"2022-12-20T06:20:40","guid":{"rendered":"https:\/\/tradea.com.tr\/?post_type=product&#038;p=7081"},"modified":"2023-01-03T03:46:16","modified_gmt":"2023-01-03T03:46:16","slug":"kv-kv-pc-kutular","status":"publish","type":"product","link":"https:\/\/tradea.com.tr\/index.php\/product\/kv-kv-pc-kutular\/","title":{"rendered":"KV &#038; KV PC Sigorta Kutular\u0131"},"content":{"rendered":"<p><strong>KV Sigorta Kutular\u0131:<\/strong><\/p>\n<ul>\n<li>Koruma derecesi: IP 54 \u2013 65<\/li>\n<li>63A e kadar sigorta kutular\u0131<\/li>\n<li>Koruma s\u0131n\u0131f\u0131: II (Tam yal\u0131tkan)<\/li>\n<li>DIN ray ekipmanlar\u0131n\u0131n montaj\u0131 i\u00e7in<\/li>\n<li>Niteliksiz ki\u015filerin m\u00fcdahele edebilece\u011fi cihazlar\u0131n kullan\u0131m\u0131 i\u00e7in<\/li>\n<li>PE\/N FIXCONNECT\u00ae ge\u00e7meli tip grup klemens teknolojisi<\/li>\n<li>Tek bir barada d\u00f6rt farkl\u0131 N potansiyeli ile ek bir \u00e7aba ya da aksesuar olmaks\u0131z\u0131n RCD montaj\u0131na izin verir<\/li>\n<li>IEC 60 670-24\u2019e uygundur<\/li>\n<li>Malzeme: Polisterin<\/li>\n<li>IEC 60695-2-11 standartlar\u0131na uygun olarak; k\u0131zg\u0131n tel deneyinde yanma davran\u0131\u015f\u0131 750 C, alev geciktirici ve kendili\u011finden s\u00f6nme\/s\u00f6n\u00fcmleme \u00f6zelli\u011fi<\/li>\n<li>Renk kodu: Gri &#8211; RAL 7035<\/li>\n<li>Darbe direnci: IK 08 (5 joule)<\/li>\n<\/ul>\n<p><strong>KV PC Sigorta Kutular\u0131:<\/strong><\/p>\n<ul>\n<li>Koruma derecesi: IP 65<\/li>\n<li>Koruma s\u0131n\u0131f\u0131: II (Tam yal\u0131tkan)<\/li>\n<li>DIN ray ekipmanlar\u0131n\u0131n montaj\u0131 i\u00e7in<\/li>\n<li>Niteliksiz ki\u015filerin m\u00fcdahele edebilece\u011fi cihazlar\u0131n kullan\u0131m\u0131 i\u00e7in<\/li>\n<li>PE\/N FIXCONNECT\u00ae ge\u00e7meli tip grup klemens teknolojisi<\/li>\n<li>Tek bir barada d\u00f6rt farkl\u0131 N potansiyeli ile ek bir \u00e7aba ya da aksesuar olmaks\u0131z\u0131n RCD montaj\u0131na izin verir<\/li>\n<li>IEC 60 670-24\u2019e uygundur<\/li>\n<li>Malzeme: PC (Polikarbonat)<\/li>\n<li>Malzeme, yetkili kurumlar taraf\u0131ndan UV direnci a\u00e7\u0131s\u0131ndan incelenmi\u015f ve UV etkisi alt\u0131nda d\u0131\u015f ortamlarda kullan\u0131m i\u00e7in uygun g\u00f6ru\u0308lmu\u0308\u015ftu\u0308r<\/li>\n<li>Kullan\u0131lacak olan raya monte ekipmanlar i\u00e7in iklimsel etkiler g\u00f6z \u00f6n\u00fcnde bulundurulmal\u0131d\u0131r<\/li>\n<li>IEC 60695-2-11 standartlar\u0131na uygun olarak; k\u0131zg\u0131n tel deneyinde yanma davran\u0131\u015f\u0131 960 \u00b0C, alev geciktirici ve kendili\u011finden s\u00f6nme\/s\u00f6n\u00fcmleme \u00f6zelli\u011fi<\/li>\n<li>Renk kodu: Gri &#8211; RAL 7035<\/li>\n<li>Darbe direnci: IK 08 (5 joule)<\/li>\n<\/ul>\n<p><strong>KV &amp; KV PC <\/strong><strong>Kullan\u0131m Alanlar\u0131:<\/strong><\/p>\n<ul>\n<li>Hastaneler<\/li>\n<li>\u00d6zel Makine \u00dcreticileri<\/li>\n<li>Kompleks Yap\u0131lar<\/li>\n<li>EPC Firmalar\u0131<\/li>\n<li>End\u00fcstriyel Tesisler<\/li>\n<\/ul>\n","protected":false},"excerpt":{"rendered":"<p>Normal ve korunakl\u0131 d\u0131\u015f ortam (KV serisi) ve korunaks\u0131z d\u0131\u015f ortam (KV PC serisi) i\u00e7in 63A &#8216;e kadar Hensel sigorta kutular\u0131<\/p>\n","protected":false},"featured_media":7053,"comment_status":"open","ping_status":"closed","template":"","meta":[],"product_cat":[78],"product_tag":[],"class_list":["post-7081","product","type-product","status-publish","has-post-thumbnail","hentry","product_cat-sigorta-kutulari"],"_links":{"self":[{"href":"https:\/\/tradea.com.tr\/index.php\/wp-json\/wp\/v2\/product\/7081","targetHints":{"allow":["GET"]}}],"collection":[{"href":"https:\/\/tradea.com.tr\/index.php\/wp-json\/wp\/v2\/product"}],"about":[{"href":"https:\/\/tradea.com.tr\/index.php\/wp-json\/wp\/v2\/types\/product"}],"replies":[{"embeddable":true,"href":"https:\/\/tradea.com.tr\/index.php\/wp-json\/wp\/v2\/comments?post=7081"}],"version-history":[{"count":6,"href":"https:\/\/tradea.com.tr\/index.php\/wp-json\/wp\/v2\/product\/7081\/revisions"}],"predecessor-version":[{"id":8087,"href":"https:\/\/tradea.com.tr\/index.php\/wp-json\/wp\/v2\/product\/7081\/revisions\/8087"}],"wp:featuredmedia":[{"embeddable":true,"href":"https:\/\/tradea.com.tr\/index.php\/wp-json\/wp\/v2\/media\/7053"}],"wp:attachment":[{"href":"https:\/\/tradea.com.tr\/index.php\/wp-json\/wp\/v2\/media?parent=7081"}],"wp:term":[{"taxonomy":"product_cat","embeddable":true,"href":"https:\/\/tradea.com.tr\/index.php\/wp-json\/wp\/v2\/product_cat?post=7081"},{"taxonomy":"product_tag","embeddable":true,"href":"https:\/\/tradea.com.tr\/index.php\/wp-json\/wp\/v2\/product_tag?post=7081"}],"curies":[{"name":"wp","href":"https:\/\/api.w.org\/{rel}","templated":true}]}}