{"id":7092,"date":"2022-12-20T06:47:06","date_gmt":"2022-12-20T06:47:06","guid":{"rendered":"https:\/\/tradea.com.tr\/?post_type=product&#038;p=7092"},"modified":"2023-01-03T03:46:13","modified_gmt":"2023-01-03T03:46:13","slug":"mi-enerji-dagitim-panolari","status":"publish","type":"product","link":"https:\/\/tradea.com.tr\/index.php\/product\/mi-enerji-dagitim-panolari\/","title":{"rendered":"M\u0130 Enerji Da\u011f\u0131t\u0131m Panolar\u0131"},"content":{"rendered":"<ul>\n<li>Koruma derecesi IP 65<\/li>\n<li>Panoya flan\u015f ya da her hangi bir bile\u015fen monte edilmemesi durumunda IP 66 koruma s\u0131n\u0131f\u0131na sahiptir.<\/li>\n<li>Toz ge\u00e7irmez ve zararl\u0131 etkileri olan su giri\u015fine kar\u015f\u0131 korumal\u0131<\/li>\n<li>Koruma s\u0131n\u0131f\u0131: II (Tam yal\u0131tkan)<\/li>\n<li>Kapal\u0131 izolasyon<\/li>\n<li>Malzeme: PC (Polikarbonat)<\/li>\n<li>IEC 61439-1 b\u00f6l\u00fcm 10.2.4\u2019e g\u00f6re UV direncine sahip olan mod\u00fcler panolar, d\u0131\u015f ortam kullan\u0131m\u0131na uygundur.<\/li>\n<li>IEC 60695-2-11 standartlar\u0131na uygun olarak; k\u0131zg\u0131n tel deneyinde yanma davran\u0131\u015f\u0131 960 \u00b0C, alev geciktirici ve kendili\u011finden s\u00f6nme\/s\u00f6n\u00fcmleme \u00f6zelli\u011fi<\/li>\n<li>Renk kodu: Gri &#8211; RAL 7035<\/li>\n<li>Darbe direnci: IK 08 (5 joule)<\/li>\n<\/ul>\n<p>Kullan\u0131m Alanlar\u0131:<\/p>\n<ul>\n<li>Hastaneler<\/li>\n<li>\u00d6zel Makine \u00dcreticileri<\/li>\n<li>Kompleks yap\u0131lar<\/li>\n<li>Solar Uygulamalar\u0131<\/li>\n<li>Demir \u00c7elik<\/li>\n<li>Limanlar<\/li>\n<li>Maden Tesisleri<\/li>\n<li>End\u00fcstriyel Tesisler<\/li>\n<\/ul>\n","protected":false},"excerpt":{"rendered":"<p>IEC 61439-2 standartlar\u0131na uygun 630A\u2019 e kadar kullan\u0131labilir Hensel enerji da\u011f\u0131t\u0131m panolar\u0131<\/p>\n","protected":false},"featured_media":7055,"comment_status":"open","ping_status":"closed","template":"","meta":[],"product_cat":[80],"product_tag":[],"class_list":["post-7092","product","type-product","status-publish","has-post-thumbnail","hentry","product_cat-mi-dagitim-panolari"],"_links":{"self":[{"href":"https:\/\/tradea.com.tr\/index.php\/wp-json\/wp\/v2\/product\/7092","targetHints":{"allow":["GET"]}}],"collection":[{"href":"https:\/\/tradea.com.tr\/index.php\/wp-json\/wp\/v2\/product"}],"about":[{"href":"https:\/\/tradea.com.tr\/index.php\/wp-json\/wp\/v2\/types\/product"}],"replies":[{"embeddable":true,"href":"https:\/\/tradea.com.tr\/index.php\/wp-json\/wp\/v2\/comments?post=7092"}],"version-history":[{"count":6,"href":"https:\/\/tradea.com.tr\/index.php\/wp-json\/wp\/v2\/product\/7092\/revisions"}],"predecessor-version":[{"id":8085,"href":"https:\/\/tradea.com.tr\/index.php\/wp-json\/wp\/v2\/product\/7092\/revisions\/8085"}],"wp:featuredmedia":[{"embeddable":true,"href":"https:\/\/tradea.com.tr\/index.php\/wp-json\/wp\/v2\/media\/7055"}],"wp:attachment":[{"href":"https:\/\/tradea.com.tr\/index.php\/wp-json\/wp\/v2\/media?parent=7092"}],"wp:term":[{"taxonomy":"product_cat","embeddable":true,"href":"https:\/\/tradea.com.tr\/index.php\/wp-json\/wp\/v2\/product_cat?post=7092"},{"taxonomy":"product_tag","embeddable":true,"href":"https:\/\/tradea.com.tr\/index.php\/wp-json\/wp\/v2\/product_tag?post=7092"}],"curies":[{"name":"wp","href":"https:\/\/api.w.org\/{rel}","templated":true}]}}