{"id":7134,"date":"2022-12-20T13:28:39","date_gmt":"2022-12-20T13:28:39","guid":{"rendered":"https:\/\/tradea.com.tr\/?post_type=product&#038;p=7134"},"modified":"2023-01-03T03:45:41","modified_gmt":"2023-01-03T03:45:41","slug":"bos-panolar","status":"publish","type":"product","link":"https:\/\/tradea.com.tr\/index.php\/product\/bos-panolar\/","title":{"rendered":"Bo\u015f Panolar"},"content":{"rendered":"<ul>\n<li>Koruma s\u0131n\u0131f\u0131: IP 55 \/ IP 66<\/li>\n<li>Toz ge\u00e7irmez ve zararl\u0131 etkileri olan su giri\u015fine kar\u015f\u0131 korumal\u0131<\/li>\n<li>Koruma s\u0131n\u0131f\u0131 II,<\/li>\n<li>Kapal\u0131 izolasyon<\/li>\n<li>Malzeme: PS (Polisterin) veya PC (Polikarbonat)<\/li>\n<li>Kullan\u0131lacak olan harici ekipmanlar i\u00e7in iklimsel etkiler g\u00f6z \u00f6n\u00fcnde bulundurulmal\u0131d\u0131r<\/li>\n<li>IEC 60695-2-11 standartlar\u0131na uygun olarak; k\u0131zg\u0131n tel deneyinde yanma davran\u0131\u015f\u0131 <strong>750 \u00b0C\/960 \u00b0C<\/strong>, alev geciktirici ve kendili\u011finden s\u00f6nme\/s\u00f6n\u00fcmleme \u00f6zelli\u011fi<\/li>\n<li>Renk kodu: Gri &#8211; RAL 7035<\/li>\n<li>Darbe direnci: IK 08 (5 joule)<\/li>\n<li>Fi\u015f &#8211; priz, pako \u015falter gibi d\u0131\u015far\u0131dan kumanda edilmesi gereken sistemler i\u00e7in \u00e7\u00f6z\u00fcmler<\/li>\n<li>Elektrik malzemelerinin ta\u0219\u0131y\u0131c\u0131 raylar veya montaj plakalar\u0131 \u00fczerinde monte edilmesi<\/li>\n<\/ul>\n<p>Uygulama Alanlar\u0131:<\/p>\n<ul>\n<li>Hastaneler<\/li>\n<li>\u00d6zel Makine \u00dcreticileri<\/li>\n<li>Kompleks Yap\u0131lar<\/li>\n<li>Solar Uygulamalar\u0131<\/li>\n<li>Demir \u00c7elik Tesisleri<\/li>\n<li>Limanlar<\/li>\n<li>Maden Tesisleri<\/li>\n<li>End\u00fcstriyel Tesisler<\/li>\n<\/ul>\n","protected":false},"excerpt":{"rendered":"<p>IEC 62208 standartlar\u0131na uygun, end\u00fcstriyel ve ticari binalarda i\u00e7 ve d\u0131\u015f tesisat i\u00e7in en uygun Hensel ba\u011flant\u0131 \u00e7\u00f6z\u00fcmleri<\/p>\n","protected":false},"featured_media":7060,"comment_status":"open","ping_status":"closed","template":"","meta":[],"product_cat":[107],"product_tag":[],"class_list":["post-7134","product","type-product","status-publish","has-post-thumbnail","hentry","product_cat-bos-panolar"],"_links":{"self":[{"href":"https:\/\/tradea.com.tr\/index.php\/wp-json\/wp\/v2\/product\/7134","targetHints":{"allow":["GET"]}}],"collection":[{"href":"https:\/\/tradea.com.tr\/index.php\/wp-json\/wp\/v2\/product"}],"about":[{"href":"https:\/\/tradea.com.tr\/index.php\/wp-json\/wp\/v2\/types\/product"}],"replies":[{"embeddable":true,"href":"https:\/\/tradea.com.tr\/index.php\/wp-json\/wp\/v2\/comments?post=7134"}],"version-history":[{"count":2,"href":"https:\/\/tradea.com.tr\/index.php\/wp-json\/wp\/v2\/product\/7134\/revisions"}],"predecessor-version":[{"id":8081,"href":"https:\/\/tradea.com.tr\/index.php\/wp-json\/wp\/v2\/product\/7134\/revisions\/8081"}],"wp:featuredmedia":[{"embeddable":true,"href":"https:\/\/tradea.com.tr\/index.php\/wp-json\/wp\/v2\/media\/7060"}],"wp:attachment":[{"href":"https:\/\/tradea.com.tr\/index.php\/wp-json\/wp\/v2\/media?parent=7134"}],"wp:term":[{"taxonomy":"product_cat","embeddable":true,"href":"https:\/\/tradea.com.tr\/index.php\/wp-json\/wp\/v2\/product_cat?post=7134"},{"taxonomy":"product_tag","embeddable":true,"href":"https:\/\/tradea.com.tr\/index.php\/wp-json\/wp\/v2\/product_tag?post=7134"}],"curies":[{"name":"wp","href":"https:\/\/api.w.org\/{rel}","templated":true}]}}