{"id":7143,"date":"2022-12-20T14:29:56","date_gmt":"2022-12-20T14:29:56","guid":{"rendered":"https:\/\/tradea.com.tr\/?post_type=product&#038;p=7143"},"modified":"2023-01-03T03:45:25","modified_gmt":"2023-01-03T03:45:25","slug":"lokal-emniyet-salteri","status":"publish","type":"product","link":"https:\/\/tradea.com.tr\/index.php\/product\/lokal-emniyet-salteri\/","title":{"rendered":"Lokal Emniyet \u015ealteri"},"content":{"rendered":"<p>Hensel yeni nesil lokal emniyet s\u0327alterleri 690 V AC \/ 1000 V DC gerilimler ve 630 Amper\u2019e kadar olan ak\u0131mlarda kullan\u0131labilir. IP 65 koruma s\u0131n\u0131f\u0131 ile toz ve suya kars\u0327\u0131 koruma sag\u0306larken, IK 08 darbe dayan\u0131m\u0131 ile en zor endu\u0308striyel kos\u0327ullarda kullan\u0131m\u0131 uygundur. Yu\u0308ksek kaliteli polikarbonat yap\u0131s\u0131 sayesinde uzun y\u0131llar gu\u0308venle kullan\u0131labilir.<\/p>\n<p>\u2022 Koruma derecesi IP 65<br \/>\n\u2022 Panoya flan\u015f ya da her hangi bir bile\u015fen monte edilmemesi durumunda IP 66 koruma s\u0131n\u0131f\u0131na sahiptir.<br \/>\n\u2022 Toz ge\u00e7irmez ve zararl\u0131 etkileri olan su giri\u015fine kar\u015f\u0131 korumal\u0131<br \/>\n\u2022 Koruma s\u0131n\u0131f\u0131: II (Tam yal\u0131tkan)<br \/>\n\u2022 Kapal\u0131 izolasyon<br \/>\n\u2022 Malzeme: PC (Polikarbonat)<br \/>\n\u2022 Ekipman \u00fczerinde iklimsel etkiler g\u00f6z \u00f6n\u00fcnde bulundurulmal\u0131d\u0131r<br \/>\n\u2022 IEC 61439-1 b\u00f6l\u00fcm 10.2.4\u2019e g\u00f6re UV direncine sahip olan mod\u00fcler panolar, d\u0131\u015f ortam kullan\u0131m\u0131na uygundur.<br \/>\n\u2022 IEC 60695-2-11 standartlar\u0131na uygun olarak; k\u0131zg\u0131n tel deneyinde yanma davran\u0131\u015f\u0131 960 \u00b0C, alev geciktirici ve kendili\u011finden s\u00f6nme\/s\u00f6n\u00fcmleme \u00f6zelli\u011fi<br \/>\n\u2022 Renk kodu: Gri &#8211; RAL 7035<br \/>\n\u2022 Darbe direnci: IK 08 (5 joule)<\/p>\n","protected":false},"excerpt":{"rendered":"<p>Tesisinizin g\u00fcvenli\u011fi i\u00e7in \u00f6zel \u00e7\u00f6z\u00fcmler<\/p>\n","protected":false},"featured_media":7062,"comment_status":"open","ping_status":"closed","template":"","meta":[],"product_cat":[108],"product_tag":[],"class_list":["post-7143","product","type-product","status-publish","has-post-thumbnail","hentry","product_cat-ozel-urunler"],"_links":{"self":[{"href":"https:\/\/tradea.com.tr\/index.php\/wp-json\/wp\/v2\/product\/7143","targetHints":{"allow":["GET"]}}],"collection":[{"href":"https:\/\/tradea.com.tr\/index.php\/wp-json\/wp\/v2\/product"}],"about":[{"href":"https:\/\/tradea.com.tr\/index.php\/wp-json\/wp\/v2\/types\/product"}],"replies":[{"embeddable":true,"href":"https:\/\/tradea.com.tr\/index.php\/wp-json\/wp\/v2\/comments?post=7143"}],"version-history":[{"count":3,"href":"https:\/\/tradea.com.tr\/index.php\/wp-json\/wp\/v2\/product\/7143\/revisions"}],"predecessor-version":[{"id":8079,"href":"https:\/\/tradea.com.tr\/index.php\/wp-json\/wp\/v2\/product\/7143\/revisions\/8079"}],"wp:featuredmedia":[{"embeddable":true,"href":"https:\/\/tradea.com.tr\/index.php\/wp-json\/wp\/v2\/media\/7062"}],"wp:attachment":[{"href":"https:\/\/tradea.com.tr\/index.php\/wp-json\/wp\/v2\/media?parent=7143"}],"wp:term":[{"taxonomy":"product_cat","embeddable":true,"href":"https:\/\/tradea.com.tr\/index.php\/wp-json\/wp\/v2\/product_cat?post=7143"},{"taxonomy":"product_tag","embeddable":true,"href":"https:\/\/tradea.com.tr\/index.php\/wp-json\/wp\/v2\/product_tag?post=7143"}],"curies":[{"name":"wp","href":"https:\/\/api.w.org\/{rel}","templated":true}]}}