{"id":7145,"date":"2022-12-20T14:33:53","date_gmt":"2022-12-20T14:33:53","guid":{"rendered":"https:\/\/tradea.com.tr\/?post_type=product&#038;p=7145"},"modified":"2023-01-03T03:45:17","modified_gmt":"2023-01-03T03:45:17","slug":"priz-kombinasyon-unitesi","status":"publish","type":"product","link":"https:\/\/tradea.com.tr\/index.php\/product\/priz-kombinasyon-unitesi\/","title":{"rendered":"Priz Kombinasyon \u00dcnitesi"},"content":{"rendered":"<p>Hensel yeni nesil priz kombinasyon u\u0308nitesi endu\u0308striyel tesislerdeki zorlay\u0131c\u0131 ortam kos\u0327ullar\u0131nda u\u0308st du\u0308zey operasyon gu\u0308venlig\u0306i sag\u0306lar. IP 65 koruma derecesi sayesinde toz ve suya kars\u0327\u0131 dayan\u0131kl\u0131d\u0131r. Yu\u0308ksek darbe dayan\u0131m\u0131 IK 08 olan u\u0308nite; silikon ve halojen ic\u0327ermeyen yap\u0131s\u0131yla UV \u0131s\u0327\u0131nlar\u0131na kars\u0327\u0131 dayan\u0131kl\u0131 polikarbonat yap\u0131ya sahiptir. U\u0308zerinde bulunan logo alan\u0131 ile u\u0308nite firman\u0131z ad\u0131na o\u0308zelles\u0327tirilebilir.<\/p>\n<ul>\n<li>Koruma derecesi IP 65<\/li>\n<li>Panoya flan\u015f ya da her hangi bir bile\u015fen monte edilmemesi durumunda IP 66 koruma s\u0131n\u0131f\u0131na sahiptir.<\/li>\n<li>Toz ge\u00e7irmez ve zararl\u0131 etkileri olan su giri\u015fine kar\u015f\u0131 korumal\u0131<\/li>\n<li>Koruma s\u0131n\u0131f\u0131: II (Tam yal\u0131tkan)<\/li>\n<li>Kapal\u0131 izolasyon<\/li>\n<li>Malzeme: PC (Polikarbonat)<\/li>\n<li>Ekipman \u00fczerinde iklimsel etkiler g\u00f6z \u00f6n\u00fcnde bulundurulmal\u0131d\u0131r<\/li>\n<li>IEC 61439-1 b\u00f6l\u00fcm 10.2.4\u2019e g\u00f6re UV direncine sahip olan mod\u00fcler panolar, d\u0131\u015f ortam kullan\u0131m\u0131na uygundur.<\/li>\n<li>IEC 60695-2-11 standartlar\u0131na uygun olarak; k\u0131zg\u0131n tel deneyinde yanma davran\u0131\u015f\u0131 960 \u00b0C, alev geciktirici ve kendili\u011finden s\u00f6nme\/s\u00f6n\u00fcmleme \u00f6zelli\u011fi<\/li>\n<li>Renk kodu: Gri &#8211; RAL 7035<\/li>\n<li>Darbe direnci: IK 08 (5 joule)<\/li>\n<\/ul>\n","protected":false},"excerpt":{"rendered":"<p>Tesisinizin g\u00fcvenli\u011fi i\u00e7in \u00f6zel \u00e7\u00f6z\u00fcmler<\/p>\n","protected":false},"featured_media":7063,"comment_status":"open","ping_status":"closed","template":"","meta":[],"product_cat":[108],"product_tag":[],"class_list":["post-7145","product","type-product","status-publish","has-post-thumbnail","hentry","product_cat-ozel-urunler"],"_links":{"self":[{"href":"https:\/\/tradea.com.tr\/index.php\/wp-json\/wp\/v2\/product\/7145","targetHints":{"allow":["GET"]}}],"collection":[{"href":"https:\/\/tradea.com.tr\/index.php\/wp-json\/wp\/v2\/product"}],"about":[{"href":"https:\/\/tradea.com.tr\/index.php\/wp-json\/wp\/v2\/types\/product"}],"replies":[{"embeddable":true,"href":"https:\/\/tradea.com.tr\/index.php\/wp-json\/wp\/v2\/comments?post=7145"}],"version-history":[{"count":4,"href":"https:\/\/tradea.com.tr\/index.php\/wp-json\/wp\/v2\/product\/7145\/revisions"}],"predecessor-version":[{"id":8078,"href":"https:\/\/tradea.com.tr\/index.php\/wp-json\/wp\/v2\/product\/7145\/revisions\/8078"}],"wp:featuredmedia":[{"embeddable":true,"href":"https:\/\/tradea.com.tr\/index.php\/wp-json\/wp\/v2\/media\/7063"}],"wp:attachment":[{"href":"https:\/\/tradea.com.tr\/index.php\/wp-json\/wp\/v2\/media?parent=7145"}],"wp:term":[{"taxonomy":"product_cat","embeddable":true,"href":"https:\/\/tradea.com.tr\/index.php\/wp-json\/wp\/v2\/product_cat?post=7145"},{"taxonomy":"product_tag","embeddable":true,"href":"https:\/\/tradea.com.tr\/index.php\/wp-json\/wp\/v2\/product_tag?post=7145"}],"curies":[{"name":"wp","href":"https:\/\/api.w.org\/{rel}","templated":true}]}}