{"id":8539,"date":"2023-11-04T10:49:30","date_gmt":"2023-11-04T10:49:30","guid":{"rendered":"https:\/\/tradea.com.tr\/?post_type=product&#038;p=8539"},"modified":"2024-01-23T02:36:15","modified_gmt":"2024-01-23T02:36:15","slug":"o16-mm-switch-pilot-isiklar","status":"publish","type":"product","link":"https:\/\/tradea.com.tr\/index.php\/product\/o16-mm-switch-pilot-isiklar\/","title":{"rendered":"\u00d816 mm Switch &#038; Pilot I\u015f\u0131klar"},"content":{"rendered":"","protected":false},"excerpt":{"rendered":"","protected":false},"featured_media":8542,"comment_status":"open","ping_status":"closed","template":"","meta":[],"product_cat":[114],"product_tag":[],"class_list":["post-8539","product","type-product","status-publish","has-post-thumbnail","hentry","product_cat-switchler-ve-pilot-isiklar"],"_links":{"self":[{"href":"https:\/\/tradea.com.tr\/index.php\/wp-json\/wp\/v2\/product\/8539","targetHints":{"allow":["GET"]}}],"collection":[{"href":"https:\/\/tradea.com.tr\/index.php\/wp-json\/wp\/v2\/product"}],"about":[{"href":"https:\/\/tradea.com.tr\/index.php\/wp-json\/wp\/v2\/types\/product"}],"replies":[{"embeddable":true,"href":"https:\/\/tradea.com.tr\/index.php\/wp-json\/wp\/v2\/comments?post=8539"}],"version-history":[{"count":2,"href":"https:\/\/tradea.com.tr\/index.php\/wp-json\/wp\/v2\/product\/8539\/revisions"}],"predecessor-version":[{"id":8544,"href":"https:\/\/tradea.com.tr\/index.php\/wp-json\/wp\/v2\/product\/8539\/revisions\/8544"}],"wp:featuredmedia":[{"embeddable":true,"href":"https:\/\/tradea.com.tr\/index.php\/wp-json\/wp\/v2\/media\/8542"}],"wp:attachment":[{"href":"https:\/\/tradea.com.tr\/index.php\/wp-json\/wp\/v2\/media?parent=8539"}],"wp:term":[{"taxonomy":"product_cat","embeddable":true,"href":"https:\/\/tradea.com.tr\/index.php\/wp-json\/wp\/v2\/product_cat?post=8539"},{"taxonomy":"product_tag","embeddable":true,"href":"https:\/\/tradea.com.tr\/index.php\/wp-json\/wp\/v2\/product_tag?post=8539"}],"curies":[{"name":"wp","href":"https:\/\/api.w.org\/{rel}","templated":true}]}}