{"id":8545,"date":"2023-11-04T11:23:28","date_gmt":"2023-11-04T11:23:28","guid":{"rendered":"https:\/\/tradea.com.tr\/?post_type=product&#038;p=8545"},"modified":"2024-01-23T02:37:39","modified_gmt":"2024-01-23T02:37:39","slug":"o22-mm-switch-pilot-isiklar","status":"publish","type":"product","link":"https:\/\/tradea.com.tr\/index.php\/product\/o22-mm-switch-pilot-isiklar\/","title":{"rendered":"\u00d822 mm Switch &#038; Pilot I\u015f\u0131klar"},"content":{"rendered":"","protected":false},"excerpt":{"rendered":"","protected":false},"featured_media":8547,"comment_status":"open","ping_status":"closed","template":"","meta":[],"product_cat":[114],"product_tag":[],"class_list":["post-8545","product","type-product","status-publish","has-post-thumbnail","hentry","product_cat-switchler-ve-pilot-isiklar"],"_links":{"self":[{"href":"https:\/\/tradea.com.tr\/index.php\/wp-json\/wp\/v2\/product\/8545","targetHints":{"allow":["GET"]}}],"collection":[{"href":"https:\/\/tradea.com.tr\/index.php\/wp-json\/wp\/v2\/product"}],"about":[{"href":"https:\/\/tradea.com.tr\/index.php\/wp-json\/wp\/v2\/types\/product"}],"replies":[{"embeddable":true,"href":"https:\/\/tradea.com.tr\/index.php\/wp-json\/wp\/v2\/comments?post=8545"}],"version-history":[{"count":1,"href":"https:\/\/tradea.com.tr\/index.php\/wp-json\/wp\/v2\/product\/8545\/revisions"}],"predecessor-version":[{"id":8548,"href":"https:\/\/tradea.com.tr\/index.php\/wp-json\/wp\/v2\/product\/8545\/revisions\/8548"}],"wp:featuredmedia":[{"embeddable":true,"href":"https:\/\/tradea.com.tr\/index.php\/wp-json\/wp\/v2\/media\/8547"}],"wp:attachment":[{"href":"https:\/\/tradea.com.tr\/index.php\/wp-json\/wp\/v2\/media?parent=8545"}],"wp:term":[{"taxonomy":"product_cat","embeddable":true,"href":"https:\/\/tradea.com.tr\/index.php\/wp-json\/wp\/v2\/product_cat?post=8545"},{"taxonomy":"product_tag","embeddable":true,"href":"https:\/\/tradea.com.tr\/index.php\/wp-json\/wp\/v2\/product_tag?post=8545"}],"curies":[{"name":"wp","href":"https:\/\/api.w.org\/{rel}","templated":true}]}}